{"id":523,"date":"2020-11-06T10:16:39","date_gmt":"2020-11-06T09:16:39","guid":{"rendered":"https:\/\/brandtec.de\/brandrock\/?page_id=523"},"modified":"2025-10-13T11:43:36","modified_gmt":"2025-10-13T09:43:36","slug":"impressum","status":"publish","type":"page","link":"https:\/\/brandtec.de\/brandrock\/impressum\/","title":{"rendered":"Impressum"},"content":{"rendered":"<p>Seitenbetreiber i.S.d. \u00a7 5 TMG<br \/>\nbrandtec GmbH<br \/>\nBelvedere 1<br \/>\n54296 Trier<\/p>\n<p>Telefon: +49 (0)651 46057-0<\/p>\n<p>E-Mail: <a href=\"mailto:info@brandtec.de\" target=\"_blank\" rel=\"noopener noreferrer\">info[at]brandtec.de <\/a><br \/>\nInternet: <a href=\"http:\/\/new.brandtec-digital.de\/\" target=\"_blank\" rel=\"noopener noreferrer\">www.brandtec.de<\/a><\/p>\n<p>Handelsregister:<br \/>\nRegistergericht: Amtsgericht Wittlich<br \/>\nRegisternummer: HRB 4443<\/p>\n<p>Gesch\u00e4ftsf\u00fchrer:<br \/>\nMarion Kl\u00e4s, Pia Wandtke<\/p>\n<p>Umsatzsteuer-Identifikationsnummer gem\u00e4\u00df \u00a7 27 a Umsatzsteuergesetz:<br \/>\nDE 813118791<\/p>\n<p>Inhaltlich Verantwortlicher gem\u00e4\u00df \u00a7 55 Abs. 2 RStV:<br \/>\nMarion Kl\u00e4s<br \/>\n(Anschrift wie oben)<\/p>\n<p>Urheberrecht und Bildnachweise:<br \/>\nBild Header: Quelle (Istockphoto)<br \/>\nBild Chancen und Nutzen der #MultiMediaMarke (#MMM): Quelle (jason-rosewell)<br \/>\nBild &#8222;Blockchain-basierte, manipulationssichere LegalTech-L\u00f6sung f\u00fcr IP-Prozesse&#8220;, &#8222;Die Kunst des Storytellings in der Finanzbranche&#8220;, &#8222;Die Digitale Revolution in der Finanzwelt&#8220;: Adobe Stock<br \/>\nBild &#8222;Design mit Richtlinien \u2013 Markenarbeit f\u00fcr Konzernt\u00f6chter&#8220; : AdobeStock<br \/>\nBild &#8222;Finfluencer im Finanz-Marketing&#8220; : AdobeStock<br \/>\nBild &#8222;Liebe Finanzdienstleister: H\u00f6rt man euch?&#8220; : AdobeStock<br \/>\nWeitere Bilder: Quelle (Autor)<br \/>\nDie Inhalte von <a href=\"http:\/\/www.brandrock.de\/\" target=\"_blank\" rel=\"noopener noreferrer\">www.brandrock.de<\/a> sind \u2013 soweit nicht abweichend angegeben \u2013 urheberrechtlich gesch\u00fctzt.<br \/>\nVerwendete Fotografien sind ggf. mit Bildnachweisen gekennzeichnet oder unten aufgef\u00fchrt, soweit sie nicht selbst angefertigt wurden.<br \/>\nDie Verwendung von Fotografien auf Drittseiten ist nur im Rahmen der jeweiligen Lizenz der Urheber m\u00f6glich.<\/p>\n<p>brandtec ist eine eingetragene Wortmarke der Europ\u00e4ischen Union zur Bezeichnung von Dienstleistungen der Klassen 35, 41 und 42, eingetragene deutsche Wortmarke zur Bezeichnung von Dienstleistungen der Klassen 35, 38, 41 und 42, sowie IR- Wortmarke f\u00fcr Gro\u00dfbritannien und der Schweiz f\u00fcr die Klassen 35, 38, 41 und 42.<\/p>\n","protected":false},"excerpt":{"rendered":"<p>Seitenbetreiber i.S.d. \u00a7 5 TMG brandtec GmbH Belvedere 1 54296 Trier Telefon: +49 (0)651 46057-0 E-Mail: info[at]brandtec.de Internet: www.brandtec.de Handelsregister: Registergericht: Amtsgericht Wittlich Registernummer: HRB 4443 Gesch\u00e4ftsf\u00fchrer: Marion Kl\u00e4s, Pia Wandtke Umsatzsteuer-Identifikationsnummer gem\u00e4\u00df \u00a7 27 a Umsatzsteuergesetz: DE 813118791 Inhaltlich Verantwortlicher gem\u00e4\u00df \u00a7 55 Abs. 2 RStV: Marion Kl\u00e4s (Anschrift wie oben) Urheberrecht und Bildnachweise: [&hellip;]<\/p>\n","protected":false},"author":1,"featured_media":0,"parent":0,"menu_order":0,"comment_status":"closed","ping_status":"closed","template":"","meta":{"_et_pb_use_builder":"","_et_pb_old_content":"","_et_gb_content_width":"","footnotes":""},"class_list":["post-523","page","type-page","status-publish","hentry"],"yoast_head":"<!-- This site is optimized with the Yoast SEO plugin v27.4 - https:\/\/yoast.com\/product\/yoast-seo-wordpress\/ -->\n<title>Impressum - Brandrock<\/title>\n<meta name=\"robots\" content=\"index, follow, max-snippet:-1, max-image-preview:large, max-video-preview:-1\" \/>\n<link rel=\"canonical\" href=\"https:\/\/brandtec.de\/brandrock\/impressum\/\" \/>\n<meta property=\"og:locale\" content=\"de_DE\" \/>\n<meta property=\"og:type\" content=\"article\" \/>\n<meta property=\"og:title\" content=\"Impressum - Brandrock\" \/>\n<meta property=\"og:description\" content=\"Seitenbetreiber i.S.d. \u00a7 5 TMG brandtec GmbH Belvedere 1 54296 Trier Telefon: +49 (0)651 46057-0 E-Mail: info[at]brandtec.de Internet: www.brandtec.de Handelsregister: Registergericht: Amtsgericht Wittlich Registernummer: HRB 4443 Gesch\u00e4ftsf\u00fchrer: Marion Kl\u00e4s, Pia Wandtke Umsatzsteuer-Identifikationsnummer gem\u00e4\u00df \u00a7 27 a Umsatzsteuergesetz: DE 813118791 Inhaltlich Verantwortlicher gem\u00e4\u00df \u00a7 55 Abs. 2 RStV: Marion Kl\u00e4s (Anschrift wie oben) Urheberrecht und Bildnachweise: [&hellip;]\" \/>\n<meta property=\"og:url\" content=\"https:\/\/brandtec.de\/brandrock\/impressum\/\" \/>\n<meta property=\"og:site_name\" content=\"Brandrock\" \/>\n<meta property=\"article:modified_time\" content=\"2025-10-13T09:43:36+00:00\" \/>\n<meta name=\"twitter:card\" content=\"summary_large_image\" \/>\n<meta name=\"twitter:label1\" content=\"Gesch\u00e4tzte Lesezeit\" \/>\n\t<meta name=\"twitter:data1\" content=\"2\u00a0Minuten\" \/>\n<script type=\"application\/ld+json\" class=\"yoast-schema-graph\">{\"@context\":\"https:\\\/\\\/schema.org\",\"@graph\":[{\"@type\":\"WebPage\",\"@id\":\"https:\\\/\\\/brandtec.de\\\/brandrock\\\/impressum\\\/\",\"url\":\"https:\\\/\\\/brandtec.de\\\/brandrock\\\/impressum\\\/\",\"name\":\"Impressum - Brandrock\",\"isPartOf\":{\"@id\":\"https:\\\/\\\/brandtec.de\\\/brandrock\\\/#website\"},\"datePublished\":\"2020-11-06T09:16:39+00:00\",\"dateModified\":\"2025-10-13T09:43:36+00:00\",\"breadcrumb\":{\"@id\":\"https:\\\/\\\/brandtec.de\\\/brandrock\\\/impressum\\\/#breadcrumb\"},\"inLanguage\":\"de\",\"potentialAction\":[{\"@type\":\"ReadAction\",\"target\":[\"https:\\\/\\\/brandtec.de\\\/brandrock\\\/impressum\\\/\"]}]},{\"@type\":\"BreadcrumbList\",\"@id\":\"https:\\\/\\\/brandtec.de\\\/brandrock\\\/impressum\\\/#breadcrumb\",\"itemListElement\":[{\"@type\":\"ListItem\",\"position\":1,\"name\":\"Startseite\",\"item\":\"https:\\\/\\\/brandtec.de\\\/brandrock\\\/\"},{\"@type\":\"ListItem\",\"position\":2,\"name\":\"Impressum\"}]},{\"@type\":\"WebSite\",\"@id\":\"https:\\\/\\\/brandtec.de\\\/brandrock\\\/#website\",\"url\":\"https:\\\/\\\/brandtec.de\\\/brandrock\\\/\",\"name\":\"Brandrock\",\"description\":\"Eine weitere WordPress-Website\",\"potentialAction\":[{\"@type\":\"SearchAction\",\"target\":{\"@type\":\"EntryPoint\",\"urlTemplate\":\"https:\\\/\\\/brandtec.de\\\/brandrock\\\/?s={search_term_string}\"},\"query-input\":{\"@type\":\"PropertyValueSpecification\",\"valueRequired\":true,\"valueName\":\"search_term_string\"}}],\"inLanguage\":\"de\"}]}<\/script>\n<!-- \/ Yoast SEO plugin. -->","yoast_head_json":{"title":"Impressum - Brandrock","robots":{"index":"index","follow":"follow","max-snippet":"max-snippet:-1","max-image-preview":"max-image-preview:large","max-video-preview":"max-video-preview:-1"},"canonical":"https:\/\/brandtec.de\/brandrock\/impressum\/","og_locale":"de_DE","og_type":"article","og_title":"Impressum - Brandrock","og_description":"Seitenbetreiber i.S.d. \u00a7 5 TMG brandtec GmbH Belvedere 1 54296 Trier Telefon: +49 (0)651 46057-0 E-Mail: info[at]brandtec.de Internet: www.brandtec.de Handelsregister: Registergericht: Amtsgericht Wittlich Registernummer: HRB 4443 Gesch\u00e4ftsf\u00fchrer: Marion Kl\u00e4s, Pia Wandtke Umsatzsteuer-Identifikationsnummer gem\u00e4\u00df \u00a7 27 a Umsatzsteuergesetz: DE 813118791 Inhaltlich Verantwortlicher gem\u00e4\u00df \u00a7 55 Abs. 2 RStV: Marion Kl\u00e4s (Anschrift wie oben) Urheberrecht und Bildnachweise: [&hellip;]","og_url":"https:\/\/brandtec.de\/brandrock\/impressum\/","og_site_name":"Brandrock","article_modified_time":"2025-10-13T09:43:36+00:00","twitter_card":"summary_large_image","twitter_misc":{"Gesch\u00e4tzte Lesezeit":"2\u00a0Minuten"},"schema":{"@context":"https:\/\/schema.org","@graph":[{"@type":"WebPage","@id":"https:\/\/brandtec.de\/brandrock\/impressum\/","url":"https:\/\/brandtec.de\/brandrock\/impressum\/","name":"Impressum - Brandrock","isPartOf":{"@id":"https:\/\/brandtec.de\/brandrock\/#website"},"datePublished":"2020-11-06T09:16:39+00:00","dateModified":"2025-10-13T09:43:36+00:00","breadcrumb":{"@id":"https:\/\/brandtec.de\/brandrock\/impressum\/#breadcrumb"},"inLanguage":"de","potentialAction":[{"@type":"ReadAction","target":["https:\/\/brandtec.de\/brandrock\/impressum\/"]}]},{"@type":"BreadcrumbList","@id":"https:\/\/brandtec.de\/brandrock\/impressum\/#breadcrumb","itemListElement":[{"@type":"ListItem","position":1,"name":"Startseite","item":"https:\/\/brandtec.de\/brandrock\/"},{"@type":"ListItem","position":2,"name":"Impressum"}]},{"@type":"WebSite","@id":"https:\/\/brandtec.de\/brandrock\/#website","url":"https:\/\/brandtec.de\/brandrock\/","name":"Brandrock","description":"Eine weitere WordPress-Website","potentialAction":[{"@type":"SearchAction","target":{"@type":"EntryPoint","urlTemplate":"https:\/\/brandtec.de\/brandrock\/?s={search_term_string}"},"query-input":{"@type":"PropertyValueSpecification","valueRequired":true,"valueName":"search_term_string"}}],"inLanguage":"de"}]}},"_links":{"self":[{"href":"https:\/\/brandtec.de\/brandrock\/wp-json\/wp\/v2\/pages\/523","targetHints":{"allow":["GET"]}}],"collection":[{"href":"https:\/\/brandtec.de\/brandrock\/wp-json\/wp\/v2\/pages"}],"about":[{"href":"https:\/\/brandtec.de\/brandrock\/wp-json\/wp\/v2\/types\/page"}],"author":[{"embeddable":true,"href":"https:\/\/brandtec.de\/brandrock\/wp-json\/wp\/v2\/users\/1"}],"replies":[{"embeddable":true,"href":"https:\/\/brandtec.de\/brandrock\/wp-json\/wp\/v2\/comments?post=523"}],"version-history":[{"count":5,"href":"https:\/\/brandtec.de\/brandrock\/wp-json\/wp\/v2\/pages\/523\/revisions"}],"predecessor-version":[{"id":1577,"href":"https:\/\/brandtec.de\/brandrock\/wp-json\/wp\/v2\/pages\/523\/revisions\/1577"}],"wp:attachment":[{"href":"https:\/\/brandtec.de\/brandrock\/wp-json\/wp\/v2\/media?parent=523"}],"curies":[{"name":"wp","href":"https:\/\/api.w.org\/{rel}","templated":true}]}}